{"id":112,"date":"2024-07-15T21:44:28","date_gmt":"2024-07-15T21:44:28","guid":{"rendered":"https:\/\/fabiendurand.perso.math.cnrs.fr\/?page_id=112"},"modified":"2024-07-16T21:05:01","modified_gmt":"2024-07-16T21:05:01","slug":"diffusion-grand-public","status":"publish","type":"page","link":"https:\/\/fabiendurand.perso.math.cnrs.fr\/?page_id=112","title":{"rendered":"Diffusion Grand Public"},"content":{"rendered":"\t\t<div data-elementor-type=\"wp-page\" data-elementor-id=\"112\" class=\"elementor elementor-112\">\n\t\t\t\t<div class=\"elementor-element elementor-element-da142e5 e-con-full e-flex e-con e-parent\" data-id=\"da142e5\" data-element_type=\"container\">\n\t\t\t\t<div class=\"elementor-element elementor-element-dd15b4f elementor-widget elementor-widget-heading\" data-id=\"dd15b4f\" data-element_type=\"widget\" data-widget_type=\"heading.default\">\n\t\t\t\t<div class=\"elementor-widget-container\">\n\t\t\t\t\t<h2 class=\"elementor-heading-title elementor-size-default\">2023-2024<\/h2>\t\t\t\t<\/div>\n\t\t\t\t<\/div>\n\t\t<div class=\"elementor-element elementor-element-182b653 e-grid e-con-boxed e-con e-child\" data-id=\"182b653\" data-element_type=\"container\">\n\t\t\t\t\t<div class=\"e-con-inner\">\n\t\t\t\t<div class=\"elementor-element elementor-element-d994aaa elementor-widget elementor-widget-text-editor\" data-id=\"d994aaa\" data-element_type=\"widget\" data-widget_type=\"text-editor.default\">\n\t\t\t\t<div class=\"elementor-widget-container\">\n\t\t\t\t\t\t\t\t\t<ul><li><strong>18 expos\u00e9s<\/strong> dans des coll\u00e8ges ou lyc\u00e9es, 5 \u00e9tablissements visit\u00e9s<\/li><li>Ateliers <strong>Maths en Jeans<\/strong> au coll\u00e8ge du Marquenterre avec 10 coll\u00e8giennes et coll\u00e8giens. Participation au congr\u00e8s de Calais<\/li><li>Journ\u00e9es 2024 du GDS CNRS AuDiMath, <a href=\"https:\/\/mathdiff.sciencesconf.org\/\">Maths sous tous les angles<\/a>, 4-6 juin 2024<\/li><li><strong>Un Texte, Un Math\u00e9maticien<\/strong> \u00e0 Amiens avec Virginie Bonnaillie, 4 juin 2024, 200 participants<\/li><li><a href=\"https:\/\/conferences.cirm-math.fr\/2996.html\">Stage Maths C pour L<\/a> au CIRM, 19-23 f\u00e9vrier 2024<\/li><\/ul>\t\t\t\t\t\t\t\t<\/div>\n\t\t\t\t<\/div>\n\t\t\t\t\t<\/div>\n\t\t\t\t<\/div>\n\t\t\t\t<\/div>\n\t\t<div class=\"elementor-element elementor-element-f7d8135 e-flex e-con-boxed e-con e-parent\" data-id=\"f7d8135\" data-element_type=\"container\">\n\t\t\t\t\t<div class=\"e-con-inner\">\n\t\t\t\t<div class=\"elementor-element elementor-element-d72584f elementor-widget elementor-widget-heading\" data-id=\"d72584f\" data-element_type=\"widget\" data-widget_type=\"heading.default\">\n\t\t\t\t<div class=\"elementor-widget-container\">\n\t\t\t\t\t<h2 class=\"elementor-heading-title elementor-size-default\">2022-2023<\/h2>\t\t\t\t<\/div>\n\t\t\t\t<\/div>\n\t\t\t\t\t<\/div>\n\t\t\t\t<\/div>\n\t\t<div class=\"elementor-element elementor-element-43d28ad e-flex e-con-boxed e-con e-parent\" data-id=\"43d28ad\" data-element_type=\"container\">\n\t\t\t\t\t<div class=\"e-con-inner\">\n\t\t\t\t<div class=\"elementor-element elementor-element-8011adb elementor-widget elementor-widget-text-editor\" data-id=\"8011adb\" data-element_type=\"widget\" data-widget_type=\"text-editor.default\">\n\t\t\t\t<div class=\"elementor-widget-container\">\n\t\t\t\t\t\t\t\t\t<ul><li><strong>17 expos\u00e9s<\/strong> dans des coll\u00e8ges ou lyc\u00e9es, 10 \u00e9tablissements visit\u00e9s<\/li><li>Ateliers <strong>Maths en Jeans<\/strong> au coll\u00e8ge du Marquenterre avec 7 coll\u00e8giennes et coll\u00e8giens. Participation au congr\u00e8s de Valenciennes<\/li><li><a href=\"https:\/\/conferences.cirm-math.fr\/2969.html\">Stage Maths C pour L<\/a> au CIRM, 20-24 f\u00e9vrier 2023<\/li><li><a href=\"https:\/\/izes.math.cnrs.fr\/page-d-exemple\/stage-maths-c-pour-l\/\">Stage Maths C pour L<\/a> \u00e0 Amiens, 5-9 juin 2023<\/li><li><a href=\"https:\/\/smf.emath.fr\/actualites-smf\/maths-c-pour-l-appel-candidatures-2024\">Cr\u00e9ation des Stages Maths C pour L<\/a> pour la Soci\u00e9t\u00e9 Math\u00e9matique de France<\/li><li><a href=\"https:\/\/izes.math.cnrs.fr\/page-d-exemple\/stage-mathc2\/\">Stage MathsC2+<\/a> pour 30 \u00e9l\u00e8ves, 5-9 juin 2023<\/li><\/ul>\t\t\t\t\t\t\t\t<\/div>\n\t\t\t\t<\/div>\n\t\t\t\t\t<\/div>\n\t\t\t\t<\/div>\n\t\t<div class=\"elementor-element elementor-element-9fb2e7c e-flex e-con-boxed e-con e-parent\" data-id=\"9fb2e7c\" data-element_type=\"container\">\n\t\t\t\t\t<div class=\"e-con-inner\">\n\t\t\t\t<div class=\"elementor-element elementor-element-46c466e elementor-widget elementor-widget-heading\" data-id=\"46c466e\" data-element_type=\"widget\" data-widget_type=\"heading.default\">\n\t\t\t\t<div class=\"elementor-widget-container\">\n\t\t\t\t\t<h2 class=\"elementor-heading-title elementor-size-default\">2021-2022<\/h2>\t\t\t\t<\/div>\n\t\t\t\t<\/div>\n\t\t\t\t<div class=\"elementor-element elementor-element-cd40f5b elementor-widget elementor-widget-text-editor\" data-id=\"cd40f5b\" data-element_type=\"widget\" data-widget_type=\"text-editor.default\">\n\t\t\t\t<div class=\"elementor-widget-container\">\n\t\t\t\t\t\t\t\t\t<ul><li><strong>21 expos\u00e9s<\/strong> dans des coll\u00e8ges ou lyc\u00e9es, 6 \u00e9tablissements visit\u00e9s<\/li><li><strong>Un Texte, Un Math\u00e9maticien<\/strong> \u00e0 Amiens avec Timothy Gowers, 9 juin 2022, 320 participants<\/li><li><strong>Stage MathsC2+<\/strong> pour des \u00e9l\u00e8ves de 4\u00e8me de l&rsquo;Acad\u00e9mie d&rsquo;Amiens en REP+, 30 mai 2022-3 juin 2022.<\/li><\/ul>\t\t\t\t\t\t\t\t<\/div>\n\t\t\t\t<\/div>\n\t\t\t\t\t<\/div>\n\t\t\t\t<\/div>\n\t\t<div class=\"elementor-element elementor-element-f50f190 e-flex e-con-boxed e-con e-parent\" data-id=\"f50f190\" data-element_type=\"container\">\n\t\t\t\t\t<div class=\"e-con-inner\">\n\t\t\t\t<div class=\"elementor-element elementor-element-3c93057 elementor-widget elementor-widget-heading\" data-id=\"3c93057\" data-element_type=\"widget\" data-widget_type=\"heading.default\">\n\t\t\t\t<div class=\"elementor-widget-container\">\n\t\t\t\t\t<h2 class=\"elementor-heading-title elementor-size-default\">2020-2021<\/h2>\t\t\t\t<\/div>\n\t\t\t\t<\/div>\n\t\t\t\t<div class=\"elementor-element elementor-element-d243f75 elementor-widget elementor-widget-text-editor\" data-id=\"d243f75\" data-element_type=\"widget\" data-widget_type=\"text-editor.default\">\n\t\t\t\t<div class=\"elementor-widget-container\">\n\t\t\t\t\t\t\t\t\t<ul><li><strong>7 expos\u00e9s<\/strong> dans des coll\u00e8ges ou lyc\u00e9es, 2 \u00e9tablissements visit\u00e9s<\/li><li><strong>Maths sous tous les angles<\/strong>, Amiens, journ\u00e9e du PAF, 60 participants,\u00a0 17 juin 2021.<\/li><li><strong>Colloque WIMS<\/strong> 2021, Hybridation, Partageons nos exp\u00e9riences : 31 mai-1er juin 2021<\/li><li><strong>WIMSATHON<\/strong> : 2 juin 2021<\/li><li>Ateliers <strong>Maths en Jeans<\/strong> au coll\u00e8ge du Marquenterre avec 7 coll\u00e8giennes et coll\u00e8giens<\/li><\/ul>\t\t\t\t\t\t\t\t<\/div>\n\t\t\t\t<\/div>\n\t\t\t\t\t<\/div>\n\t\t\t\t<\/div>\n\t\t<div class=\"elementor-element elementor-element-3176408 e-flex e-con-boxed e-con e-parent\" data-id=\"3176408\" data-element_type=\"container\">\n\t\t\t\t\t<div class=\"e-con-inner\">\n\t\t\t\t<div class=\"elementor-element elementor-element-5f47604 elementor-widget elementor-widget-text-editor\" data-id=\"5f47604\" data-element_type=\"widget\" data-widget_type=\"text-editor.default\">\n\t\t\t\t<div class=\"elementor-widget-container\">\n\t\t\t\t\t\t\t\t\t<p>Lorem ipsum dolor sit amet, consectetur adipiscing elit. Ut elit tellus, luctus nec ullamcorper mattis, pulvinar dapibus leo.<\/p>\t\t\t\t\t\t\t\t<\/div>\n\t\t\t\t<\/div>\n\t\t\t\t\t<\/div>\n\t\t\t\t<\/div>\n\t\t\t\t<\/div>\n\t\t","protected":false},"excerpt":{"rendered":"<p>2023-2024 18 expos\u00e9s dans des coll\u00e8ges ou lyc\u00e9es, 5 \u00e9tablissements visit\u00e9s Ateliers Maths en Jeans au coll\u00e8ge du Marquenterre avec 10 coll\u00e8giennes et coll\u00e8giens. Participation au congr\u00e8s de Calais Journ\u00e9es 2024 du GDS CNRS AuDiMath, Maths sous tous les angles, 4-6 juin 2024 Un Texte, Un Math\u00e9maticien \u00e0 Amiens avec Virginie Bonnaillie, 4 juin 2024, [&hellip;]<\/p>\n","protected":false},"author":2,"featured_media":0,"parent":0,"menu_order":0,"comment_status":"closed","ping_status":"closed","template":"","meta":{"ocean_post_layout":"","ocean_both_sidebars_style":"","ocean_both_sidebars_content_width":0,"ocean_both_sidebars_sidebars_width":0,"ocean_sidebar":"","ocean_second_sidebar":"","ocean_disable_margins":"enable","ocean_add_body_class":"","ocean_shortcode_before_top_bar":"","ocean_shortcode_after_top_bar":"","ocean_shortcode_before_header":"","ocean_shortcode_after_header":"","ocean_has_shortcode":"","ocean_shortcode_after_title":"","ocean_shortcode_before_footer_widgets":"","ocean_shortcode_after_footer_widgets":"","ocean_shortcode_before_footer_bottom":"","ocean_shortcode_after_footer_bottom":"","ocean_display_top_bar":"default","ocean_display_header":"default","ocean_header_style":"","ocean_center_header_left_menu":"","ocean_custom_header_template":"","ocean_custom_logo":0,"ocean_custom_retina_logo":0,"ocean_custom_logo_max_width":0,"ocean_custom_logo_tablet_max_width":0,"ocean_custom_logo_mobile_max_width":0,"ocean_custom_logo_max_height":0,"ocean_custom_logo_tablet_max_height":0,"ocean_custom_logo_mobile_max_height":0,"ocean_header_custom_menu":"","ocean_menu_typo_font_family":"","ocean_menu_typo_font_subset":"","ocean_menu_typo_font_size":0,"ocean_menu_typo_font_size_tablet":0,"ocean_menu_typo_font_size_mobile":0,"ocean_menu_typo_font_size_unit":"px","ocean_menu_typo_font_weight":"","ocean_menu_typo_font_weight_tablet":"","ocean_menu_typo_font_weight_mobile":"","ocean_menu_typo_transform":"","ocean_menu_typo_transform_tablet":"","ocean_menu_typo_transform_mobile":"","ocean_menu_typo_line_height":0,"ocean_menu_typo_line_height_tablet":0,"ocean_menu_typo_line_height_mobile":0,"ocean_menu_typo_line_height_unit":"","ocean_menu_typo_spacing":0,"ocean_menu_typo_spacing_tablet":0,"ocean_menu_typo_spacing_mobile":0,"ocean_menu_typo_spacing_unit":"","ocean_menu_link_color":"","ocean_menu_link_color_hover":"","ocean_menu_link_color_active":"","ocean_menu_link_background":"","ocean_menu_link_hover_background":"","ocean_menu_link_active_background":"","ocean_menu_social_links_bg":"","ocean_menu_social_hover_links_bg":"","ocean_menu_social_links_color":"","ocean_menu_social_hover_links_color":"","ocean_disable_title":"default","ocean_disable_heading":"default","ocean_post_title":"","ocean_post_subheading":"","ocean_post_title_style":"","ocean_post_title_background_color":"","ocean_post_title_background":0,"ocean_post_title_bg_image_position":"","ocean_post_title_bg_image_attachment":"","ocean_post_title_bg_image_repeat":"","ocean_post_title_bg_image_size":"","ocean_post_title_height":0,"ocean_post_title_bg_overlay":0.5,"ocean_post_title_bg_overlay_color":"","ocean_disable_breadcrumbs":"default","ocean_breadcrumbs_color":"","ocean_breadcrumbs_separator_color":"","ocean_breadcrumbs_links_color":"","ocean_breadcrumbs_links_hover_color":"","ocean_display_footer_widgets":"default","ocean_display_footer_bottom":"default","ocean_custom_footer_template":"","footnotes":""},"class_list":["post-112","page","type-page","status-publish","hentry","entry"],"_links":{"self":[{"href":"https:\/\/fabiendurand.perso.math.cnrs.fr\/index.php?rest_route=\/wp\/v2\/pages\/112","targetHints":{"allow":["GET"]}}],"collection":[{"href":"https:\/\/fabiendurand.perso.math.cnrs.fr\/index.php?rest_route=\/wp\/v2\/pages"}],"about":[{"href":"https:\/\/fabiendurand.perso.math.cnrs.fr\/index.php?rest_route=\/wp\/v2\/types\/page"}],"author":[{"embeddable":true,"href":"https:\/\/fabiendurand.perso.math.cnrs.fr\/index.php?rest_route=\/wp\/v2\/users\/2"}],"replies":[{"embeddable":true,"href":"https:\/\/fabiendurand.perso.math.cnrs.fr\/index.php?rest_route=%2Fwp%2Fv2%2Fcomments&post=112"}],"version-history":[{"count":10,"href":"https:\/\/fabiendurand.perso.math.cnrs.fr\/index.php?rest_route=\/wp\/v2\/pages\/112\/revisions"}],"predecessor-version":[{"id":127,"href":"https:\/\/fabiendurand.perso.math.cnrs.fr\/index.php?rest_route=\/wp\/v2\/pages\/112\/revisions\/127"}],"wp:attachment":[{"href":"https:\/\/fabiendurand.perso.math.cnrs.fr\/index.php?rest_route=%2Fwp%2Fv2%2Fmedia&parent=112"}],"curies":[{"name":"wp","href":"https:\/\/api.w.org\/{rel}","templated":true}]}}